{"id":4052,"date":"2020-06-15T14:26:44","date_gmt":"2020-06-15T14:26:44","guid":{"rendered":"http:\/\/pectro.com\/tienda\/?post_type=product&#038;p=4052"},"modified":"2024-11-13T10:32:16","modified_gmt":"2024-11-13T09:32:16","slug":"imprimacion-universal-de-anclaje-primer-grip-promotor-de-adherencia-universal-al-agua-para-paredes-y-suelos","status":"publish","type":"product","link":"https:\/\/pectro.com\/tienda\/producto\/imprimacion-universal-de-anclaje-primer-grip-promotor-de-adherencia-universal-al-agua-para-paredes-y-suelos\/","title":{"rendered":"Imprimaci\u00f3n universal de anclaje Primer Grip | Promotor de adherencia universal al agua para paredes y suelos"},"content":{"rendered":"<p><strong>Costo de env\u00edo:<\/strong><\/p>\n<ul>\n<li>Espa\u00f1a peninsular: env\u00edo gratis<\/li>\n<li>No se realizan env\u00edos a Islas Baleares ni Islas Canarias.<\/li>\n<\/ul>\n<p><strong>Caracter\u00edsticas:<\/strong><\/p>\n<ul>\n<li>Mejora la adherencia de enlucidos y colas para fijar azulejos, gres y cer\u00e1mica, en superficies no absorbentes.<\/li>\n<li>Confiere superficie de agarre \u00e1spera, facilitando la adhesi\u00f3n incluso en soportes lisos<\/li>\n<li>Mejora la adherencia de los morteros a base de cemento, yeso o cal.<\/li>\n<li>Otorga la oportunidad de alicatar sobre lo preexistente.<\/li>\n<li>La superficie de agarre que otorga el producto, permite la colocaci\u00f3n de azulejos sobre azulejos, o sobre otra base como puede ser pladur.<\/li>\n<\/ul>\n<p>Primer Grip es un promotor de adherencia universal al agua, a base de resinas acr\u00edlicas y dispersi\u00f3n de titanios y carbonatos de diferentes granulometr\u00edas, listo para usar sobre diferentes tipos de superficie como: azulejos, yesos, cementos, hormig\u00f3n, ladrillos.<\/p>\n<p><strong>Especificaciones t\u00e9cnicas:<\/strong><\/p>\n<ul>\n<li>Acabado: Mate.<\/li>\n<li>Color : Gris<\/li>\n<li>Diluyente: Agua &#8211; Ph : 8.5 (+\/- 0.5)<\/li>\n<li>Viscosidad: 25.000 cp. Brookfield RVT, 20\u00ba C, rotor 4, velocidad 12 r.p.m. (UNE 48076).<\/li>\n<li>Densidad: 1,60 gr \/ cm\u00b3 (UNE 28111).<\/li>\n<li>Rendimiento: 4 \u2013 7 m\u00b2 \/ lto. (Dependiendo de la superficie en que se aplique)<\/li>\n<li>Secado: Al tacto 30 minutos.<\/li>\n<\/ul>\n<p>&nbsp;<\/p>\n<p><strong>Advertencia de seguridad:<\/strong> Mant\u00e9ngase fuera del alcance de los ni\u00f1os, no ingerir, en caso de ingesti\u00f3n ac\u00fadase inmediatamente y mu\u00e9strale la etiqueta o el envase. En caso de accidente consultar al Servicio m\u00e9dico de informaci\u00f3n Toxicol\u00f3gica. Tel\u00e9fono 91 562 04 20.<\/p>\n<p><strong>Nota legal:<\/strong> Te recomendamos que siempre leas las etiquetas, advertencias e instrucciones del embalaje del producto antes de utilizarlo o consumirlo, ya que podr\u00e1s encontrar informaci\u00f3n m\u00e1s detallada y actualizada sobre el mismo.<\/p>\n","protected":false},"excerpt":{"rendered":"<p>Costo de env\u00edo: Espa\u00f1a peninsular: env\u00edo gratis No se realizan env\u00edos a Islas Baleares ni Islas Canarias. Caracter\u00edsticas: Mejora la adherencia de enlucidos y colas para<span class=\"excerpt-hellip\"> [\u2026]<\/span><\/p>\n","protected":false},"featured_media":4149,"template":"","meta":[],"product_cat":[230,236],"product_tag":[],"_links":{"self":[{"href":"https:\/\/pectro.com\/tienda\/wp-json\/wp\/v2\/product\/4052"}],"collection":[{"href":"https:\/\/pectro.com\/tienda\/wp-json\/wp\/v2\/product"}],"about":[{"href":"https:\/\/pectro.com\/tienda\/wp-json\/wp\/v2\/types\/product"}],"wp:featuredmedia":[{"embeddable":true,"href":"https:\/\/pectro.com\/tienda\/wp-json\/wp\/v2\/media\/4149"}],"wp:attachment":[{"href":"https:\/\/pectro.com\/tienda\/wp-json\/wp\/v2\/media?parent=4052"}],"wp:term":[{"taxonomy":"product_cat","embeddable":true,"href":"https:\/\/pectro.com\/tienda\/wp-json\/wp\/v2\/product_cat?post=4052"},{"taxonomy":"product_tag","embeddable":true,"href":"https:\/\/pectro.com\/tienda\/wp-json\/wp\/v2\/product_tag?post=4052"}],"curies":[{"name":"wp","href":"https:\/\/api.w.org\/{rel}","templated":true}]}}