{"id":4054,"date":"2020-06-15T14:36:44","date_gmt":"2020-06-15T14:36:44","guid":{"rendered":"http:\/\/pectro.com\/tienda\/?post_type=product&#038;p=4054"},"modified":"2025-03-24T16:25:51","modified_gmt":"2025-03-24T15:25:51","slug":"4054","status":"publish","type":"product","link":"https:\/\/pectro.com\/tienda\/producto\/4054\/","title":{"rendered":"Pintura blanca mate interior exterior | Pintura lavable de m\u00e1xima cubrici\u00f3n"},"content":{"rendered":"<p><strong>Costo de env\u00edo:<\/strong><\/p>\n<ul>\n<li>Espa\u00f1a peninsular: env\u00edo gratis<\/li>\n<li>No se realizan env\u00edos a Islas Baleares ni Islas Canarias.<\/li>\n<\/ul>\n<p><strong>Caracter\u00edsticas:<\/strong><\/p>\n<ul>\n<li class=\"a-spacing-mini\"><span class=\"a-list-item\">Pintura al agua pl\u00e1stica blanca de f\u00e1cil aplicaci\u00f3n, r\u00e1pido secado, gran poder cubriente y excelente blancura.<\/span><\/li>\n<li class=\"a-spacing-mini\"><span class=\"a-list-item\">Puede utilizarse tanto en interior como en exterior, siendo apta para pintar todo tipo de superficies y ambientes. A base de resinas vinil acr\u00edlicas en dispersi\u00f3n acuosa.<\/span><\/li>\n<li class=\"a-spacing-mini\"><span class=\"a-list-item\">Gracias a su acabado mate, esta pintura disimula las peque\u00f1as imperfecciones que pueda haber en las paredes. Cuando se aplica con herramientas tradicionales, oculta las texturas de las pinceladas y rodillos, dando como resultado una superficie lisa, sin rayones ni marcas visibles.<\/span><\/li>\n<li class=\"a-spacing-mini\"><span class=\"a-list-item\">Embalaje altamente reforzado y resistente a golpes y ca\u00eddas.<\/span><\/li>\n<li class=\"a-spacing-mini\"><span class=\"a-list-item\">Aplicaci\u00f3n: despu\u00e9s de preparar las paredes, proceder a la aplicaci\u00f3n del producto con brocha, rodillo o pistola. Preste atenci\u00f3n a las instrucciones en la descripci\u00f3n.<\/span><\/li>\n<li class=\"a-spacing-mini\"><span class=\"a-list-item\">Nuestra experiencia en el mercado y la satisfacci\u00f3n de nuestros clientes avalan la calidad y garant\u00eda de nuestros productos.<\/span><\/li>\n<\/ul>\n<p>&nbsp;<\/p>\n<p><strong>Especificaciones t\u00e9cnicas:\u00a0<\/strong><\/p>\n<ul>\n<li>Pintura pl\u00e1stica basada en resinas acr\u00edlicas<\/li>\n<li>Usos: INTERIOR \u2013 EXTERIOR. Apta para el pintado de todo tipo de superficies de obra. Especificaciones t\u00e9cnicas:<\/li>\n<li>Acabado : Mate .<\/li>\n<li>Densidad : 1.58 kg \/ L. (UNE 28111)<\/li>\n<li>Blancura : 90.38% WI (CIE)<\/li>\n<li>Opacidad : 97.55 % a 120 micras h\u00famedas.<\/li>\n<li>Rendimiento : 7 \u2013 10 m2\/L (dependiendo de la superficie)<\/li>\n<li>Lavabilidad : Superior a 5.000 ciclos (UNE 48284)<\/li>\n<li>Fondear : Selladora Acr\u00edlica<\/li>\n<li>Secado : Tacto 30 minutos \u2013 Repintar : 24 h.<\/li>\n<li>Diluci\u00f3n : Brocha y rodillo: 10 \u2013 20% \u2013 Pistola: 20 \u2013 50%<\/li>\n<\/ul>\n<p>&nbsp;<\/p>\n<p><strong>Advertencia de seguridad:<\/strong> Mant\u00e9ngase fuera del alcance de los ni\u00f1os, no ingerir, en caso de ingesti\u00f3n ac\u00fadase inmediatamente y mu\u00e9strale la etiqueta o el envase. En caso de accidente consultar al Servicio m\u00e9dico de informaci\u00f3n Toxicol\u00f3gica. Tel\u00e9fono 91 562 04 20.<\/p>\n<p><strong>Nota legal:<\/strong> Te recomendamos que siempre leas las etiquetas, advertencias e instrucciones del embalaje del producto antes de utilizarlo o consumirlo, ya que podr\u00e1s encontrar informaci\u00f3n m\u00e1s detallada y actualizada sobre el mismo.<\/p>\n","protected":false},"excerpt":{"rendered":"<p>Costo de env\u00edo: Espa\u00f1a peninsular: env\u00edo gratis No se realizan env\u00edos a Islas Baleares ni Islas Canarias. Caracter\u00edsticas: Pintura al agua pl\u00e1stica blanca de f\u00e1cil aplicaci\u00f3n,<span class=\"excerpt-hellip\"> [\u2026]<\/span><\/p>\n","protected":false},"featured_media":4157,"template":"","meta":[],"product_cat":[260,268],"product_tag":[],"_links":{"self":[{"href":"https:\/\/pectro.com\/tienda\/wp-json\/wp\/v2\/product\/4054"}],"collection":[{"href":"https:\/\/pectro.com\/tienda\/wp-json\/wp\/v2\/product"}],"about":[{"href":"https:\/\/pectro.com\/tienda\/wp-json\/wp\/v2\/types\/product"}],"wp:featuredmedia":[{"embeddable":true,"href":"https:\/\/pectro.com\/tienda\/wp-json\/wp\/v2\/media\/4157"}],"wp:attachment":[{"href":"https:\/\/pectro.com\/tienda\/wp-json\/wp\/v2\/media?parent=4054"}],"wp:term":[{"taxonomy":"product_cat","embeddable":true,"href":"https:\/\/pectro.com\/tienda\/wp-json\/wp\/v2\/product_cat?post=4054"},{"taxonomy":"product_tag","embeddable":true,"href":"https:\/\/pectro.com\/tienda\/wp-json\/wp\/v2\/product_tag?post=4054"}],"curies":[{"name":"wp","href":"https:\/\/api.w.org\/{rel}","templated":true}]}}