{"id":4069,"date":"2020-06-15T14:51:43","date_gmt":"2020-06-15T14:51:43","guid":{"rendered":"http:\/\/pectro.com\/tienda\/?post_type=product&#038;p=4069"},"modified":"2024-11-13T10:31:50","modified_gmt":"2024-11-13T09:31:50","slug":"pintura-satinada-blanca-interior-exterior-especial-decoracion-pectro-satinado-premium","status":"publish","type":"product","link":"https:\/\/pectro.com\/tienda\/producto\/pintura-satinada-blanca-interior-exterior-especial-decoracion-pectro-satinado-premium\/","title":{"rendered":"Pintura satinada blanca interior exterior especial decoraci\u00f3n SATINADO PREMIUM"},"content":{"rendered":"<p><strong>Costo de env\u00edo:<\/strong><\/p>\n<ul>\n<li>Espa\u00f1a peninsular: env\u00edo gratis<\/li>\n<li>No se realizan env\u00edos a Islas Baleares ni Islas Canarias.<\/li>\n<\/ul>\n<p><strong>Caracter\u00edsticas:<\/strong><\/p>\n<ul>\n<li>Pintura pl\u00e1stica de excelente calidad a base de resinas vin\u00edlicas.<\/li>\n<li>Usos: INTERIOR \u2013 EXTERIOR. ESPECIAL DECORACI\u00d3N.<\/li>\n<li>Ideal para el pintado de todo tipo de materiales de construcci\u00f3n y para la decoraci\u00f3n de cualquier estancia.<\/li>\n<li>M\u00e1ximo rendimiento y cubrici\u00f3n. Acabado : Satinado Brillante<\/li>\n<\/ul>\n<p><strong>Especificaciones t\u00e9cnicas:<\/strong><\/p>\n<ul>\n<li>Acabado : Satinado Brillante<\/li>\n<li>Blancura : 92% WI(CIE)<\/li>\n<li>Brillo:&gt;85% \u00e1ngulo 85\u00ba(UNE48026)<\/li>\n<li>Densidad : 1.20 kg \/ L. (UNE 28111)<\/li>\n<li>Opacidad : 97 % a 120 micras h\u00famedas.<\/li>\n<li>Rendimiento : 12 \u2013 14 m2\/L (dependiendo de la superficie)<\/li>\n<li>Lavabilidad : Superior a 20000 ciclos (UNE 48284)<\/li>\n<li>Fondear : Selladora Acr\u00edlica<\/li>\n<li>Secado : Tacto 30 minutos \u2013 Repintar : 24 h.<\/li>\n<li>Diluci\u00f3n : Brocha y rodillo: 10 \u2013 20% \u2013 Pistola: 20 \u2013 50%<\/li>\n<\/ul>\n<p><strong>Advertencia de seguridad:<\/strong> Mant\u00e9ngase fuera del alcance de los ni\u00f1os, no ingerir, en caso de ingesti\u00f3n ac\u00fadase inmediatamente y mu\u00e9strale la etiqueta o el envase. En caso de accidente consultar al Servicio m\u00e9dico de informaci\u00f3n Toxicol\u00f3gica. Tel\u00e9fono 91 562 04 20.<\/p>\n<p><strong>Nota legal:<\/strong> Te recomendamos que siempre leas las etiquetas, advertencias e instrucciones del embalaje del producto antes de utilizarlo o consumirlo, ya que podr\u00e1s encontrar informaci\u00f3n m\u00e1s detallada y actualizada sobre el mismo.<\/p>\n","protected":false},"excerpt":{"rendered":"<p>Costo de env\u00edo: Espa\u00f1a peninsular: env\u00edo gratis No se realizan env\u00edos a Islas Baleares ni Islas Canarias. Caracter\u00edsticas: Pintura pl\u00e1stica de excelente calidad a base de<span class=\"excerpt-hellip\"> [\u2026]<\/span><\/p>\n","protected":false},"featured_media":4165,"template":"","meta":[],"product_cat":[260,266],"product_tag":[],"_links":{"self":[{"href":"https:\/\/pectro.com\/tienda\/wp-json\/wp\/v2\/product\/4069"}],"collection":[{"href":"https:\/\/pectro.com\/tienda\/wp-json\/wp\/v2\/product"}],"about":[{"href":"https:\/\/pectro.com\/tienda\/wp-json\/wp\/v2\/types\/product"}],"wp:featuredmedia":[{"embeddable":true,"href":"https:\/\/pectro.com\/tienda\/wp-json\/wp\/v2\/media\/4165"}],"wp:attachment":[{"href":"https:\/\/pectro.com\/tienda\/wp-json\/wp\/v2\/media?parent=4069"}],"wp:term":[{"taxonomy":"product_cat","embeddable":true,"href":"https:\/\/pectro.com\/tienda\/wp-json\/wp\/v2\/product_cat?post=4069"},{"taxonomy":"product_tag","embeddable":true,"href":"https:\/\/pectro.com\/tienda\/wp-json\/wp\/v2\/product_tag?post=4069"}],"curies":[{"name":"wp","href":"https:\/\/api.w.org\/{rel}","templated":true}]}}