{"id":4077,"date":"2020-06-15T15:24:39","date_gmt":"2020-06-15T15:24:39","guid":{"rendered":"http:\/\/pectro.com\/tienda\/?post_type=product&#038;p=4077"},"modified":"2025-10-29T13:55:10","modified_gmt":"2025-10-29T12:55:10","slug":"pintura-piscinas-pectro-pintura-para-piscina-al-agua-acrilica-e-impermeable","status":"publish","type":"product","link":"https:\/\/pectro.com\/tienda\/producto\/pintura-piscinas-pectro-pintura-para-piscina-al-agua-acrilica-e-impermeable\/","title":{"rendered":"Pintura Piscinas 4L | Pintura para piscina al agua, acr\u00edlica e impermeable"},"content":{"rendered":"<p><strong>Costo de env\u00edo:<\/strong><\/p>\n<ul>\n<li>Espa\u00f1a peninsular: env\u00edo gratis<\/li>\n<li>No se realizan env\u00edos a Islas Baleares ni Islas Canarias.<\/li>\n<\/ul>\n<p><strong>Caracter\u00edsticas:<\/strong><\/p>\n<ul>\n<li class=\"a-spacing-mini\"><span class=\"a-list-item\">PINTURA PARA PISCINAS de cemento, hormig\u00f3n, fibra y poli\u00e9ster de acabado mate. Alta durabilidad y retenci\u00f3n de color.<\/span><\/li>\n<li class=\"a-spacing-mini\"><span class=\"a-list-item\">PROTEGE LA PISCINA DE LA FORMACI\u00d3N DE ALGAS en su superficie, contribuyendo a tener una piscina m\u00e1s limpia y sana.<\/span><\/li>\n<li class=\"a-spacing-mini\"><span class=\"a-list-item\">PINTURA PISCINAS AL AGUA sin disolvente de alta opacidad y cobertura. Proporciona la dureza necesaria para resistir a golpes.<\/span><\/li>\n<li class=\"a-spacing-mini\"><span class=\"a-list-item\">RESISTENCIA A PRODUCTOS QU\u00cdMICOS empleados para la limpieza y mantenimiento de la piscina.<\/span><\/li>\n<li class=\"a-spacing-mini\"><span class=\"a-list-item\">FACIL APLICACI\u00d3N &#8211; Protege y decora tu piscina de forma \u00e1gil y segura gracias a su excelente adherencia a superficies cementosas o de pintura antigua.<\/span><\/li>\n<li class=\"a-spacing-mini\"><span class=\"a-list-item\">APTA PARA OBRAS NUEVAS Y REPINTADO &#8211; Pinta desde cero tu nueva piscina o rep\u00edntala para devolverle el aspecto deseado con nuestra pintura piscinas azul.<\/span><\/li>\n<li class=\"a-spacing-mini\"><span class=\"a-list-item\">MODO DE EMPLEO: 1- Previo a la aplicaci\u00f3n, eliminar la pintura vieja y con mala adherencia de la superficie a tratar. 2- Limpiar bien la superficie eliminando restos de polvo, algas, grasa, cal, y cualquier tipo de suciedad. 3- Mezclar bien el producto hasta lograr su perfecta homogeneizaci\u00f3n antes de su aplicaci\u00f3n. Si lo desea, puede diluir hasta un 10% para la primera capa. 4- Aplicar con brocha, rodillo o pistola. 5- Dejar secar entre 12hs y 24hs antes de aplicar la segunda capa de pintura.<\/span><\/li>\n<li class=\"a-spacing-mini\"><span class=\"a-list-item\">CONSEJOS \u00daTILES: Despu\u00e9s de pintar, recomendamos esperar un m\u00ednimo de 7 d\u00edas antes de llenar la piscina. Pintar en d\u00edas secos, evitando altas temperaturas y exposici\u00f3n al sol. Asegurarse de que las juntas de paredes y esquinas se encuentren secas, dada la acumulaci\u00f3n de pintura que se forma all\u00ed para evitar desperfectos. Si su piscina es de fibra y nunca se ha pintado, consulte con el fabricante de piscinas si puede aplicar pintura al agua o al disolvente, seg\u00fan su composici\u00f3n. Si su piscina ya ha sido pintada, aseg\u00faerese de que la pintura utilizada era pintura al agua, ya que no se debe pintar con pintura al agua sobre pintura al disolvente.<\/span><\/li>\n<\/ul>\n<p><strong>Modo de empleo:<\/strong><\/p>\n<p>Limpiar bien las superficies y eliminar las capas de pintura mal adheridas. Para la primera mano, diluir con agua de un 10% a un 15%, y para la segunda mano se recomienda no diluir, o como mucho un 5%. Antes de usa la piscina, comprobar que la pintura est\u00e9 completamente seca. Se recomienda esperar en torno a una semana, comprobando que las esquinas inferiores est\u00e9n secas por completo, dado que ah\u00ed se suele acumular la pintura. Las herramientas se lavan con agua.<\/p>\n<p><strong>Especificaciones t\u00e9cnicas:<\/strong><\/p>\n<ul>\n<li>Acabado : Semi \u2013 Mate.<\/li>\n<li>Densidad : 1.4 kg \/ L. (UNE 28111)<\/li>\n<li>Opacidad : 92 % a 120 micras h\u00famedas.<\/li>\n<li>Rendimiento : 12 \u2013 14 m2\/L (dependiendo de la superficie)<\/li>\n<li>Lavabilidad : Superior a 20000 ciclos (UNE 48284)<\/li>\n<li>Fondear : Selladora Acr\u00edlica<\/li>\n<li>Secado : Tacto 30 minutos \u2013 Repintar : 24 h.<\/li>\n<li>Diluci\u00f3n : Brocha y rodillo: 10 \u2013 20% \u2013 Pistola: 20 \u2013 50%<\/li>\n<\/ul>\n<p>&nbsp;<\/p>\n<p><strong>Advertencia de seguridad:<\/strong> Mant\u00e9ngase fuera del alcance de los ni\u00f1os, no ingerir, en caso de ingesti\u00f3n ac\u00fadase inmediatamente y mu\u00e9strale la etiqueta o el envase. En caso de accidente consultar al Servicio m\u00e9dico de informaci\u00f3n Toxicol\u00f3gica. Tel\u00e9fono 91 562 04 20.<\/p>\n<p><strong>Nota legal:<\/strong> Te recomendamos que siempre leas las etiquetas, advertencias e instrucciones del embalaje del producto antes de utilizarlo o consumirlo, ya que podr\u00e1s encontrar informaci\u00f3n m\u00e1s detallada y actualizada sobre el mismo.<\/p>\n<p>&nbsp;<\/p>\n","protected":false},"excerpt":{"rendered":"<p>Costo de env\u00edo: Espa\u00f1a peninsular: env\u00edo gratis No se realizan env\u00edos a Islas Baleares ni Islas Canarias. Caracter\u00edsticas: PINTURA PARA PISCINAS de cemento, hormig\u00f3n, fibra y<span class=\"excerpt-hellip\"> [\u2026]<\/span><\/p>\n","protected":false},"featured_media":4622,"template":"","meta":[],"product_cat":[260,265],"product_tag":[],"_links":{"self":[{"href":"https:\/\/pectro.com\/tienda\/wp-json\/wp\/v2\/product\/4077"}],"collection":[{"href":"https:\/\/pectro.com\/tienda\/wp-json\/wp\/v2\/product"}],"about":[{"href":"https:\/\/pectro.com\/tienda\/wp-json\/wp\/v2\/types\/product"}],"wp:featuredmedia":[{"embeddable":true,"href":"https:\/\/pectro.com\/tienda\/wp-json\/wp\/v2\/media\/4622"}],"wp:attachment":[{"href":"https:\/\/pectro.com\/tienda\/wp-json\/wp\/v2\/media?parent=4077"}],"wp:term":[{"taxonomy":"product_cat","embeddable":true,"href":"https:\/\/pectro.com\/tienda\/wp-json\/wp\/v2\/product_cat?post=4077"},{"taxonomy":"product_tag","embeddable":true,"href":"https:\/\/pectro.com\/tienda\/wp-json\/wp\/v2\/product_tag?post=4077"}],"curies":[{"name":"wp","href":"https:\/\/api.w.org\/{rel}","templated":true}]}}