{"id":4327,"date":"2020-09-18T10:17:37","date_gmt":"2020-09-18T10:17:37","guid":{"rendered":"https:\/\/pectro.com\/tienda\/?post_type=product&#038;p=4327"},"modified":"2025-07-08T17:56:50","modified_gmt":"2025-07-08T15:56:50","slug":"rotulador-lechada-juntas-azulejos","status":"publish","type":"product","link":"https:\/\/pectro.com\/tienda\/producto\/rotulador-lechada-juntas-azulejos\/","title":{"rendered":"Rotulador de lechada para juntas de azulejos en COLORES | PACK x 2 unidades 8ml"},"content":{"rendered":"<p><strong>Env\u00edo:<\/strong><\/p>\n<ul>\n<li>Espa\u00f1a peninsular: env\u00edo gratis.<\/li>\n<li>No se realizan env\u00edos a Islas Baleares ni Islas Canarias.<\/li>\n<\/ul>\n<p><strong>Caracter\u00edsticas:<\/strong><\/p>\n<p><strong>Tile grout pen<\/strong> es un renovador de color de juntas de azulejos, que puede utilizarse tanto para devolver el color actual, como para renovarlo y cambiarlo, dando un nuevo look a ba\u00f1os, cocinas y cualquier estancia.<\/p>\n<p>\u2705 Por su formulaci\u00f3n ofrece m\u00e1xima cubrici\u00f3n de color, lo que confiere un fant\u00e1stico aspecto de tras su aplicaci\u00f3n. Protege las juntas de formaci\u00f3n de mohos.<\/p>\n<p>\u2705 Contiene puntas de recambio. Punta del rotulador reversible, se puede lavar.<\/p>\n<p>\u2705\u00a0Con un rotulador para lechada de juntas de azulejo se pueden hacer hasta 100 metros lineales, dependiendo del ancho de la junta.<\/p>\n<p>\u2705 Por su formato rotulador resulta muy f\u00e1cil de usar, siendo pr\u00e1ctico, preciso, r\u00edgido, y no genera sobrantes. Durabilidad y resistencia al agua mientras limpiamos. Recomendamos prestar atenci\u00f3n al modo de empleo en la descripci\u00f3n del producto y en la caja contenedora para su correcta aplicaci\u00f3n.<\/p>\n<p>&nbsp;<\/p>\n","protected":false},"excerpt":{"rendered":"<p>Repara y renueva las juntas de ba\u00f1os y cocinas<\/p>\n","protected":false},"featured_media":4677,"template":"","meta":[],"product_cat":[230],"product_tag":[],"_links":{"self":[{"href":"https:\/\/pectro.com\/tienda\/wp-json\/wp\/v2\/product\/4327"}],"collection":[{"href":"https:\/\/pectro.com\/tienda\/wp-json\/wp\/v2\/product"}],"about":[{"href":"https:\/\/pectro.com\/tienda\/wp-json\/wp\/v2\/types\/product"}],"wp:featuredmedia":[{"embeddable":true,"href":"https:\/\/pectro.com\/tienda\/wp-json\/wp\/v2\/media\/4677"}],"wp:attachment":[{"href":"https:\/\/pectro.com\/tienda\/wp-json\/wp\/v2\/media?parent=4327"}],"wp:term":[{"taxonomy":"product_cat","embeddable":true,"href":"https:\/\/pectro.com\/tienda\/wp-json\/wp\/v2\/product_cat?post=4327"},{"taxonomy":"product_tag","embeddable":true,"href":"https:\/\/pectro.com\/tienda\/wp-json\/wp\/v2\/product_tag?post=4327"}],"curies":[{"name":"wp","href":"https:\/\/api.w.org\/{rel}","templated":true}]}}