{"id":4450,"date":"2020-12-21T09:59:03","date_gmt":"2020-12-21T09:59:03","guid":{"rendered":"https:\/\/pectro.com\/tienda\/?post_type=product&#038;p=4450"},"modified":"2025-05-29T10:59:54","modified_gmt":"2025-05-29T08:59:54","slug":"velas-aromaticas-llarliz-candles","status":"publish","type":"product","link":"https:\/\/pectro.com\/tienda\/producto\/velas-aromaticas-llarliz-candles\/","title":{"rendered":"Velas arom\u00e1ticas Llarliz Candles"},"content":{"rendered":"<p><strong>Env\u00edo:<\/strong><\/p>\n<ul>\n<li>Espa\u00f1a peninsular: env\u00edo gratis.<\/li>\n<li>No se realizan env\u00edos a Islas Baleares ni Islas Canarias.<\/li>\n<\/ul>\n<p><strong>Caracter\u00edsticas:<\/strong><\/p>\n<ul class=\"a-unordered-list a-vertical a-spacing-mini\">\n<li><span class=\"a-list-item\">HECHA DE CERA DE SOJA 100% NATURAL &#8211; Las velas arom\u00e1ticas biodegradables y ecol\u00f3gicas le brindan una fragancia libre de humo, relajante y duradera. Esta vela es completamente amigable con el medio ambiente, un valor esencial para LLARLIZ Candles.<\/span><\/li>\n<li><span class=\"a-list-item\">FRAGANCIA DURADERA EN TODO EL HOGAR &#8211; Esta vela, por su combusti\u00f3n, tiene un largo tiempo de consumo, lo que permitir\u00e1 mantener un perfume equilibrado en cada sitio del hogar.<\/span><\/li>\n<li><span class=\"a-list-item\">ENVASE DE CER\u00c1MICA DECORATIVO Y PARA REGALO &#8211; El elegante envase, con su detallada etiqueta y bonita caja, son ideales para su reutilizaci\u00f3n como adorno y colecci\u00f3n, as\u00ed como para hacer un regalo sorprendente que deleitar\u00e1 con su aroma.<\/span><\/li>\n<\/ul>\n","protected":false},"excerpt":{"rendered":"<p>Env\u00edo: Espa\u00f1a peninsular: env\u00edo gratis. No se realizan env\u00edos a Islas Baleares ni Islas Canarias. Caracter\u00edsticas: HECHA DE CERA DE SOJA 100% NATURAL &#8211; Las velas<span class=\"excerpt-hellip\"> [\u2026]<\/span><\/p>\n","protected":false},"featured_media":4463,"template":"","meta":[],"product_cat":[17],"product_tag":[],"_links":{"self":[{"href":"https:\/\/pectro.com\/tienda\/wp-json\/wp\/v2\/product\/4450"}],"collection":[{"href":"https:\/\/pectro.com\/tienda\/wp-json\/wp\/v2\/product"}],"about":[{"href":"https:\/\/pectro.com\/tienda\/wp-json\/wp\/v2\/types\/product"}],"wp:featuredmedia":[{"embeddable":true,"href":"https:\/\/pectro.com\/tienda\/wp-json\/wp\/v2\/media\/4463"}],"wp:attachment":[{"href":"https:\/\/pectro.com\/tienda\/wp-json\/wp\/v2\/media?parent=4450"}],"wp:term":[{"taxonomy":"product_cat","embeddable":true,"href":"https:\/\/pectro.com\/tienda\/wp-json\/wp\/v2\/product_cat?post=4450"},{"taxonomy":"product_tag","embeddable":true,"href":"https:\/\/pectro.com\/tienda\/wp-json\/wp\/v2\/product_tag?post=4450"}],"curies":[{"name":"wp","href":"https:\/\/api.w.org\/{rel}","templated":true}]}}