{"id":4663,"date":"2022-11-10T14:56:23","date_gmt":"2022-11-10T14:56:23","guid":{"rendered":"https:\/\/pectro.com\/tienda\/?post_type=product&#038;p=4663"},"modified":"2025-01-10T13:59:56","modified_gmt":"2025-01-10T12:59:56","slug":"renovador-de-juntas-400g-repara-las-juntas-de-azulejos-y-ceramicas-rellenando","status":"publish","type":"product","link":"https:\/\/pectro.com\/tienda\/producto\/renovador-de-juntas-400g-repara-las-juntas-de-azulejos-y-ceramicas-rellenando\/","title":{"rendered":"Renovador de juntas 400g Repara las juntas de azulejos y cer\u00e1micas rellenando"},"content":{"rendered":"<ul class=\"a-unordered-list a-vertical a-spacing-mini\">\n<li><span class=\"a-list-item\">\u2705 Con nuestro renovador de juntas de azulejos, restaura la lechada de las juntas que han sido desgastadas por el tiempo, rellenando todo tipo de huecos y grietas.<\/span><\/li>\n<li><span class=\"a-list-item\">\u2705 Blanquea de forma r\u00e1pida gracias a su formulaci\u00f3n, ofreciendo m\u00e1xima blancura y cubrici\u00f3n en cada junta.<\/span><\/li>\n<li><span class=\"a-list-item\">\u2705 Formulado en base a agua con materias primas de m\u00e1xima calidad, lo que confiere un fant\u00e1stico aspecto en las estancias.<\/span><\/li>\n<li><span class=\"a-list-item\">\u2705 Haz relucir las juntas por ti mismo, el producto est\u00e1 listo para usar. Para una correcta aplicaci\u00f3n, preste especial atenci\u00f3n al modo de empleo en el envase y en la descripci\u00f3n.<\/span><\/li>\n<li><span class=\"a-list-item\">\u2705 Envasado en tubo vertical con cierre herm\u00e9tico, por lo cual se puede volver a utilizar una vez abierto el tubo.<\/span><\/li>\n<\/ul>\n","protected":false},"excerpt":{"rendered":"<ul class=\"a-unordered-list a-vertical a-spacing-mini\">\n<li><span class=\"a-list-item\">\u2705 Con nuestro renovador de juntas de azulejos, restaura la lechada de las juntas que han sido desgastadas por el tiempo, rellenando todo tipo de huecos y grietas.<\/span><\/li>\n<li><span class=\"a-list-item\">\u2705 Blanquea de forma r\u00e1pida gracias a su formulaci\u00f3n, ofreciendo m\u00e1xima blancura y cubrici\u00f3n en cada junta.<\/span><\/li>\n<li><span class=\"a-list-item\">\u2705 Formulado en base a agua con materias primas de m\u00e1xima calidad, lo que confiere un fant\u00e1stico aspecto en las estancias.<\/span><\/li>\n<li><span class=\"a-list-item\">\u2705 Haz relucir las juntas por ti mismo, el producto est\u00e1 listo para usar. Para una correcta aplicaci\u00f3n, preste especial atenci\u00f3n al modo de empleo en el envase y en la descripci\u00f3n.<\/span><\/li>\n<li><span class=\"a-list-item\">\u2705 Envasado en tubo vertical con cierre herm\u00e9tico, por lo cual se puede volver a utilizar una vez abierto el tubo.<\/span><\/li>\n<\/ul>\n","protected":false},"featured_media":4664,"template":"","meta":[],"product_cat":[230],"product_tag":[],"_links":{"self":[{"href":"https:\/\/pectro.com\/tienda\/wp-json\/wp\/v2\/product\/4663"}],"collection":[{"href":"https:\/\/pectro.com\/tienda\/wp-json\/wp\/v2\/product"}],"about":[{"href":"https:\/\/pectro.com\/tienda\/wp-json\/wp\/v2\/types\/product"}],"wp:featuredmedia":[{"embeddable":true,"href":"https:\/\/pectro.com\/tienda\/wp-json\/wp\/v2\/media\/4664"}],"wp:attachment":[{"href":"https:\/\/pectro.com\/tienda\/wp-json\/wp\/v2\/media?parent=4663"}],"wp:term":[{"taxonomy":"product_cat","embeddable":true,"href":"https:\/\/pectro.com\/tienda\/wp-json\/wp\/v2\/product_cat?post=4663"},{"taxonomy":"product_tag","embeddable":true,"href":"https:\/\/pectro.com\/tienda\/wp-json\/wp\/v2\/product_tag?post=4663"}],"curies":[{"name":"wp","href":"https:\/\/api.w.org\/{rel}","templated":true}]}}