{"id":4670,"date":"2022-11-10T15:49:42","date_gmt":"2022-11-10T15:49:42","guid":{"rendered":"https:\/\/pectro.com\/tienda\/?post_type=product&#038;p=4670"},"modified":"2024-11-13T10:29:31","modified_gmt":"2024-11-13T09:29:31","slug":"rotulador-de-lechada-blanco-punta-gruesa-14x7-mm-para-juntas-de-azulejos-25ml","status":"publish","type":"product","link":"https:\/\/pectro.com\/tienda\/producto\/rotulador-de-lechada-blanco-punta-gruesa-14x7-mm-para-juntas-de-azulejos-25ml\/","title":{"rendered":"Rotulador de lechada blanco PUNTA GRUESA (14&#215;7 mm) para juntas de azulejos 25ml"},"content":{"rendered":"<div id=\"featurebullets_feature_div\" class=\"celwidget\" data-feature-name=\"featurebullets\" data-csa-c-type=\"widget\" data-csa-c-content-id=\"featurebullets\" data-csa-c-slot-id=\"featurebullets_feature_div\" data-csa-c-asin=\"B09DZ3VSRB\" data-csa-c-is-in-initial-active-row=\"false\" data-csa-c-id=\"lrresx-6v181m-8ilkeo-7izs93\" data-cel-widget=\"featurebullets_feature_div\">\n<div id=\"feature-bullets\" class=\"a-section a-spacing-medium a-spacing-top-small\">\n<ul class=\"a-unordered-list a-vertical a-spacing-mini\">\n<li><span class=\"a-list-item\">\u2714\ufe0f Tile grout pen MAX es un blanqueador de juntas de azulejos dise\u00f1ado espec\u00edficamente para juntas gruesas, que con su punta ancha otorga mayor facilidad en la aplicac\u00edn. Puede utilizarse tanto para devolver el color actual, como para renovarlo y cambiarlo, dando un nuevo look a ba\u00f1os, cocinas y cualquier estancia, pudiendose aplicar tanto en suelos como en paredes.<\/span><\/li>\n<li><span class=\"a-list-item\">\u2714\ufe0f Por su formulaci\u00f3n ofrece m\u00e1xima cubrici\u00f3n de color, lo que confiere un fant\u00e1stico aspecto de tras su aplicaci\u00f3n.<\/span><\/li>\n<li><span class=\"a-list-item\">\u2714\ufe0f Contiene punta de recambio de 14mm x 7mm. La punta del rotulador es reversible, y se puede lavar. Ideal para juntas de azulejo gruesas, permitiendo pintarlas de una sola pasada.<\/span><\/li>\n<li><span class=\"a-list-item\">\u2714\ufe0f Con un rotulador para lechada de juntas de azulejo se pueden hacer hasta 100 metros lineales, dependiendo del ancho y el estado de la junta.<\/span><\/li>\n<li><span class=\"a-list-item\">\u2714\ufe0f Por su formato rotulador resulta muy f\u00e1cil de usar, siendo pr\u00e1ctico, preciso, r\u00edgido, y no genera sobrantes. Durabilidad y resistencia al agua mientras limpiamos. Recomendamos prestar atenci\u00f3n al modo de empleo en la descripci\u00f3n del producto y en la caja contenedora para su correcta aplicaci\u00f3n.<\/span><\/li>\n<\/ul>\n<\/div>\n<\/div>\n<div id=\"provenanceCertifications_feature_div\" class=\"celwidget\" data-feature-name=\"provenanceCertifications\" data-csa-c-type=\"widget\" data-csa-c-content-id=\"provenanceCertifications\" data-csa-c-slot-id=\"provenanceCertifications_feature_div\" data-csa-c-asin=\"B09DZ3VSRB\" data-csa-c-is-in-initial-active-row=\"false\" data-csa-c-id=\"l76zqj-1twz8c-epig3l-nyzm7p\" data-cel-widget=\"provenanceCertifications_feature_div\">\n<div id=\"provenance-certifications\" class=\"a-section a-spacing-medium a-spacing-top-micro\"><\/div>\n<\/div>\n","protected":false},"excerpt":{"rendered":"<div id=\"featurebullets_feature_div\" class=\"celwidget\" data-feature-name=\"featurebullets\" data-csa-c-type=\"widget\" data-csa-c-content-id=\"featurebullets\" data-csa-c-slot-id=\"featurebullets_feature_div\" data-csa-c-asin=\"B09DZ3VSRB\" data-csa-c-is-in-initial-active-row=\"false\" data-csa-c-id=\"lrresx-6v181m-8ilkeo-7izs93\" data-cel-widget=\"featurebullets_feature_div\">\n<div id=\"feature-bullets\" class=\"a-section a-spacing-medium a-spacing-top-small\">\n<ul class=\"a-unordered-list a-vertical a-spacing-mini\">\n<li><span class=\"a-list-item\">\u2714\ufe0f Tile grout pen MAX es un blanqueador de juntas de azulejos dise\u00f1ado espec\u00edficamente para juntas gruesas, que con su punta ancha otorga mayor facilidad en la aplicac\u00edn. Puede utilizarse tanto para devolver el color actual, como para renovarlo y cambiarlo, dando un nuevo look a ba\u00f1os, cocinas y cualquier estancia, pudiendose aplicar tanto en suelos como en paredes.<\/span><\/li>\n<li><span class=\"a-list-item\">\u2714\ufe0f Por su formulaci\u00f3n ofrece m\u00e1xima cubrici\u00f3n de color, lo que confiere un fant\u00e1stico aspecto de tras su aplicaci\u00f3n.<\/span><\/li>\n<li><span class=\"a-list-item\">\u2714\ufe0f Contiene punta de recambio de 14mm x 7mm. La punta del rotulador es reversible, y se puede lavar. Ideal para juntas de azulejo gruesas, permitiendo pintarlas de una sola pasada.<\/span><\/li>\n<li><span class=\"a-list-item\">\u2714\ufe0f Con un rotulador para lechada de juntas de azulejo se pueden hacer hasta 100 metros lineales, dependiendo del ancho y el estado de la junta.<\/span><\/li>\n<li><span class=\"a-list-item\">\u2714\ufe0f Por su formato rotulador resulta muy f\u00e1cil de usar, siendo pr\u00e1ctico, preciso, r\u00edgido, y no genera sobrantes. Durabilidad y resistencia al agua mientras limpiamos. Recomendamos prestar atenci\u00f3n al modo de empleo en la descripci\u00f3n del producto y en la caja contenedora para su correcta aplicaci\u00f3n.<\/span><\/li>\n<\/ul>\n<\/div>\n<\/div>\n<div id=\"provenanceCertifications_feature_div\" class=\"celwidget\" data-feature-name=\"provenanceCertifications\" data-csa-c-type=\"widget\" data-csa-c-content-id=\"provenanceCertifications\" data-csa-c-slot-id=\"provenanceCertifications_feature_div\" data-csa-c-asin=\"B09DZ3VSRB\" data-csa-c-is-in-initial-active-row=\"false\" data-csa-c-id=\"l76zqj-1twz8c-epig3l-nyzm7p\" data-cel-widget=\"provenanceCertifications_feature_div\">\n<div id=\"provenance-certifications\" class=\"a-section a-spacing-medium a-spacing-top-micro\"><\/div>\n<\/div>\n","protected":false},"featured_media":4671,"template":"","meta":[],"product_cat":[230],"product_tag":[],"_links":{"self":[{"href":"https:\/\/pectro.com\/tienda\/wp-json\/wp\/v2\/product\/4670"}],"collection":[{"href":"https:\/\/pectro.com\/tienda\/wp-json\/wp\/v2\/product"}],"about":[{"href":"https:\/\/pectro.com\/tienda\/wp-json\/wp\/v2\/types\/product"}],"wp:featuredmedia":[{"embeddable":true,"href":"https:\/\/pectro.com\/tienda\/wp-json\/wp\/v2\/media\/4671"}],"wp:attachment":[{"href":"https:\/\/pectro.com\/tienda\/wp-json\/wp\/v2\/media?parent=4670"}],"wp:term":[{"taxonomy":"product_cat","embeddable":true,"href":"https:\/\/pectro.com\/tienda\/wp-json\/wp\/v2\/product_cat?post=4670"},{"taxonomy":"product_tag","embeddable":true,"href":"https:\/\/pectro.com\/tienda\/wp-json\/wp\/v2\/product_tag?post=4670"}],"curies":[{"name":"wp","href":"https:\/\/api.w.org\/{rel}","templated":true}]}}