{"id":5304,"date":"2024-07-17T16:10:02","date_gmt":"2024-07-17T14:10:02","guid":{"rendered":"https:\/\/pectro.com\/tienda\/?post_type=product&#038;p=5304"},"modified":"2024-11-13T10:28:52","modified_gmt":"2024-11-13T09:28:52","slug":"kit-renovador-de-juntas-espatula-para-aplicacion-400g","status":"publish","type":"product","link":"https:\/\/pectro.com\/tienda\/producto\/kit-renovador-de-juntas-espatula-para-aplicacion-400g\/","title":{"rendered":"KIT Renovador de juntas + Esp\u00e1tula para aplicaci\u00f3n 400g"},"content":{"rendered":"<div id=\"featurebullets_feature_div\" class=\"celwidget\" data-feature-name=\"featurebullets\" data-csa-c-type=\"widget\" data-csa-c-content-id=\"featurebullets\" data-csa-c-slot-id=\"featurebullets_feature_div\" data-csa-c-asin=\"B0D7Q6P2ZY\" data-csa-c-is-in-initial-active-row=\"false\" data-csa-c-id=\"63ugwp-bv970p-hsaarf-qq5ip6\" data-cel-widget=\"featurebullets_feature_div\">\n<div id=\"feature-bullets\" class=\"a-section a-spacing-medium a-spacing-top-small\">\n<ul class=\"a-unordered-list a-vertical a-spacing-mini\">\n<li class=\"a-spacing-mini\"><span class=\"a-list-item\">El KIT de reparaci\u00f3n de juntas PECTRO incluye el producto Renovador y Esp\u00e1tula de dise\u00f1o patentado, para una aplicaci\u00f3n \u00f3ptima, que se adapta a cada medida y tipo de junta.<\/span><\/li>\n<li class=\"a-spacing-mini\"><span class=\"a-list-item\">Con nuestro renovador de juntas de azulejos, restaura la lechada de las juntas que han sido desgastadas por el tiempo, rellenando todo tipo de huecos y grietas.<\/span><\/li>\n<li class=\"a-spacing-mini\"><span class=\"a-list-item\">Blanquea de forma r\u00e1pida gracias a su formulaci\u00f3n, ofreciendo m\u00e1xima blancura y cubrici\u00f3n en cada junta.<\/span><\/li>\n<li class=\"a-spacing-mini\"><span class=\"a-list-item\">Formulado en base a agua con materias primas de m\u00e1xima calidad, lo que confiere un fant\u00e1stico aspecto en las estancias.<\/span><\/li>\n<li class=\"a-spacing-mini\"><span class=\"a-list-item\">Haz relucir las juntas por ti mismo, el producto est\u00e1 listo para usar. Para una correcta aplicaci\u00f3n, preste especial atenci\u00f3n al modo de empleo en el envase y en la descripci\u00f3n.<\/span><\/li>\n<li class=\"a-spacing-mini\"><span class=\"a-list-item\">Envasado en tubo vertical con cierre herm\u00e9tico, por lo cual se puede volver a utilizar una vez abierto el tubo.<\/span><\/li>\n<\/ul>\n<\/div>\n<\/div>\n<div id=\"provenanceCertifications_feature_div\" class=\"celwidget\" data-feature-name=\"provenanceCertifications\" data-csa-c-type=\"widget\" data-csa-c-content-id=\"provenanceCertifications\" data-csa-c-slot-id=\"provenanceCertifications_feature_div\" data-csa-c-asin=\"B0D7Q6P2ZY\" data-csa-c-is-in-initial-active-row=\"false\" data-csa-c-id=\"27c5gy-o4agtb-2z4bo-ilwfn1\" data-cel-widget=\"provenanceCertifications_feature_div\">\n<div id=\"provenance-certifications\" class=\"a-section a-spacing-medium a-spacing-top-micro\">ENV\u00cdO GRATIS PARA ESPA\u00d1A PENINSULAR.<\/div>\n<\/div>\n","protected":false},"excerpt":{"rendered":"<p>El KIT de reparaci\u00f3n de juntas PECTRO incluye el producto Renovador y Esp\u00e1tula de dise\u00f1o patentado, para una aplicaci\u00f3n \u00f3ptima, que se adapta a cada medida<span class=\"excerpt-hellip\"> [\u2026]<\/span><\/p>\n","protected":false},"featured_media":5307,"template":"","meta":[],"product_cat":[230],"product_tag":[],"_links":{"self":[{"href":"https:\/\/pectro.com\/tienda\/wp-json\/wp\/v2\/product\/5304"}],"collection":[{"href":"https:\/\/pectro.com\/tienda\/wp-json\/wp\/v2\/product"}],"about":[{"href":"https:\/\/pectro.com\/tienda\/wp-json\/wp\/v2\/types\/product"}],"wp:featuredmedia":[{"embeddable":true,"href":"https:\/\/pectro.com\/tienda\/wp-json\/wp\/v2\/media\/5307"}],"wp:attachment":[{"href":"https:\/\/pectro.com\/tienda\/wp-json\/wp\/v2\/media?parent=5304"}],"wp:term":[{"taxonomy":"product_cat","embeddable":true,"href":"https:\/\/pectro.com\/tienda\/wp-json\/wp\/v2\/product_cat?post=5304"},{"taxonomy":"product_tag","embeddable":true,"href":"https:\/\/pectro.com\/tienda\/wp-json\/wp\/v2\/product_tag?post=5304"}],"curies":[{"name":"wp","href":"https:\/\/api.w.org\/{rel}","templated":true}]}}